{"id":2,"date":"2016-01-11T05:45:50","date_gmt":"2016-01-11T05:45:50","guid":{"rendered":"http:\/\/ameliesalameh.de\/?page_id=2"},"modified":"2024-02-05T17:02:48","modified_gmt":"2024-02-05T17:02:48","slug":"as","status":"publish","type":"page","link":"https:\/\/ameliesalameh.de\/","title":{"rendered":"Was bedeutet Regeneration in action?"},"content":{"rendered":"\n<div class=\"wp-block-columns is-layout-flex wp-container-core-columns-layout-1 wp-block-columns-is-layout-flex\">\n<div class=\"wp-block-column is-layout-flow wp-block-column-is-layout-flow\" style=\"flex-basis:50%\">\n<figure class=\"wp-block-image size-full is-resized\"><img loading=\"lazy\" decoding=\"async\" width=\"990\" height=\"842\" src=\"https:\/\/ameliesalameh.de\/wp-content\/uploads\/2023\/12\/Bildschirmfoto-2023-12-29-um-22.56.28.png\" alt=\"\" class=\"wp-image-473\" style=\"width:323px;height:auto\" srcset=\"https:\/\/ameliesalameh.de\/wp-content\/uploads\/2023\/12\/Bildschirmfoto-2023-12-29-um-22.56.28.png 990w, https:\/\/ameliesalameh.de\/wp-content\/uploads\/2023\/12\/Bildschirmfoto-2023-12-29-um-22.56.28-300x255.png 300w\" sizes=\"(max-width: 990px) 100vw, 990px\" \/><\/figure>\n<\/div>\n\n\n\n<div class=\"wp-block-column is-layout-flow wp-block-column-is-layout-flow\" style=\"flex-basis:80%\">\n<p class=\"has-medium-font-size\">Dass wir uns als Teams und Organisationen so aufstellen, dass wir den Schaden auf die Erde minimieren. Das bedeutet auch bei uns gegenseitig &#8211; f\u00fcr bessere Kommunikation, eine klare Absicht und auch eine zukunftsf\u00e4hige Vision. Daf\u00fcr m\u00fcssen wir erstmal an uns selbst arbeiten und eine gute Verbindung zu unserem Selbst und der Natur aufbauen.<\/p>\n<\/div>\n<\/div>\n\n\n\n<div style=\"height:116px\" aria-hidden=\"true\" class=\"wp-block-spacer\"><\/div>\n\n\n\n<div class=\"wp-block-media-text has-media-on-the-right is-stacked-on-mobile\"><div class=\"wp-block-media-text__content\">\n<p class=\"has-small-font-size\">Ich organisiere, was immer es braucht, um den \u00f6kologischen Wandel voranzutreiben!<\/p>\n\n\n\n<p class=\"has-small-font-size\">Mein Talent ist es zu organisieren. Ich habe mich darauf konzentriert, den \u00f6kologischen Wandel durch soziale Transformation und innere Entwicklung voranzutreiben. Ich habe technische L\u00f6sungen immer als wertvolle Werkzeuge auf diesem Weg gesehen.<\/p>\n\n\n\n<p>Daf\u00fcr setze ich meine Superpowers ein &#8211; Klarheit, Geduld, \u00dcberblick, Neugier und mein gutes Ged\u00e4chtnis. Als Projektmanagerin und Organisationsentwicklerin&nbsp;unterst\u00fctze ich Teams, Projekte und Einzelpersonen bei:<\/p>\n\n\n\n<ul>\n<li>Regenerative und feministische F\u00fchrung<\/li>\n\n\n\n<li>Organisationsstruktur und Rollen\/Mandate<\/li>\n\n\n\n<li>Purpose, Vision und Mission<\/li>\n\n\n\n<li>Teambuilding, Team Retreats und Teamentwicklung<\/li>\n\n\n\n<li>Zeitplan, Budgetplanung und technische Umsetzung<\/li>\n\n\n\n<li>Formate der Zusammenarbeit und effektive Meetings<\/li>\n\n\n\n<li>Naturauszeiten und Verbindung<\/li>\n\n\n\n<li>Stakeholder-Analysen, User Tests und iterative Produktentwicklung<\/li>\n\n\n\n<li>Agile Strategieentwicklung<\/li>\n<\/ul>\n\n\n\n<p><br><br><\/p>\n<\/div><figure class=\"wp-block-media-text__media\"><img loading=\"lazy\" decoding=\"async\" width=\"683\" height=\"1024\" src=\"http:\/\/ameliesalameh.de\/wp-content\/uploads\/2023\/12\/220905_Taterka_WBZ_PORTRAITS_AMELIE_SALAMEH_0218-683x1024.jpg\" alt=\"\" class=\"wp-image-454 size-full\" srcset=\"https:\/\/ameliesalameh.de\/wp-content\/uploads\/2023\/12\/220905_Taterka_WBZ_PORTRAITS_AMELIE_SALAMEH_0218-683x1024.jpg 683w, https:\/\/ameliesalameh.de\/wp-content\/uploads\/2023\/12\/220905_Taterka_WBZ_PORTRAITS_AMELIE_SALAMEH_0218-200x300.jpg 200w, https:\/\/ameliesalameh.de\/wp-content\/uploads\/2023\/12\/220905_Taterka_WBZ_PORTRAITS_AMELIE_SALAMEH_0218.jpg 1334w\" sizes=\"(max-width: 683px) 100vw, 683px\" \/><\/figure><\/div>\n\n\n\n<div style=\"height:100px\" aria-hidden=\"true\" class=\"wp-block-spacer\"><\/div>\n\n\n\n<h2 class=\"wp-block-heading has-text-align-center has-large-font-size\">Kontakt<\/h2>\n\n\n\n<p class=\"has-text-align-center has-small-font-size\">Schreib mir gerne einfach direkt, wenn du Lust hast zu co-kreieren oder dich auszutauschen!<\/p>\n\n\n\n<p class=\"has-text-align-center has-small-font-size\">Amelie Salameh <\/p>\n\n\n\n<p class=\"has-text-align-center has-small-font-size\">+49 15251024349<\/p>\n\n\n\n<p class=\"has-text-align-center has-small-font-size\">amelie@salameh.eu<\/p>\n\n\n\n<p class=\"has-text-align-center has-small-font-size\">LinkedIn: https:\/\/www.linkedin.com\/in\/amelie-salameh\/<\/p>\n\n\n\n<div style=\"height:100px\" aria-hidden=\"true\" class=\"wp-block-spacer\"><\/div>\n","protected":false},"excerpt":{"rendered":"<p>Dass wir uns als Teams und Organisationen so aufstellen, dass wir den Schaden auf die Erde minimieren. Das bedeutet auch bei uns gegenseitig &#8211; f\u00fcr bessere Kommunikation, eine klare Absicht und auch eine zukunftsf\u00e4hige Vision. Daf\u00fcr m\u00fcssen wir erstmal an uns selbst arbeiten und eine gute Verbindung zu unserem Selbst und der Natur aufbauen. Kontakt &hellip; <\/p>\n<p class=\"link-more\"><a href=\"https:\/\/ameliesalameh.de\/\" class=\"more-link\">Mehr <span class=\"screen-reader-text\">\u00fcber &#8222;Was bedeutet Regeneration in action?&#8220; <\/span>Lesen<\/a><\/p>\n","protected":false},"author":1,"featured_media":469,"parent":0,"menu_order":0,"comment_status":"closed","ping_status":"closed","template":"","meta":{"footnotes":""},"_links":{"self":[{"href":"https:\/\/ameliesalameh.de\/index.php?rest_route=\/wp\/v2\/pages\/2"}],"collection":[{"href":"https:\/\/ameliesalameh.de\/index.php?rest_route=\/wp\/v2\/pages"}],"about":[{"href":"https:\/\/ameliesalameh.de\/index.php?rest_route=\/wp\/v2\/types\/page"}],"author":[{"embeddable":true,"href":"https:\/\/ameliesalameh.de\/index.php?rest_route=\/wp\/v2\/users\/1"}],"replies":[{"embeddable":true,"href":"https:\/\/ameliesalameh.de\/index.php?rest_route=%2Fwp%2Fv2%2Fcomments&post=2"}],"version-history":[{"count":17,"href":"https:\/\/ameliesalameh.de\/index.php?rest_route=\/wp\/v2\/pages\/2\/revisions"}],"predecessor-version":[{"id":534,"href":"https:\/\/ameliesalameh.de\/index.php?rest_route=\/wp\/v2\/pages\/2\/revisions\/534"}],"wp:featuredmedia":[{"embeddable":true,"href":"https:\/\/ameliesalameh.de\/index.php?rest_route=\/wp\/v2\/media\/469"}],"wp:attachment":[{"href":"https:\/\/ameliesalameh.de\/index.php?rest_route=%2Fwp%2Fv2%2Fmedia&parent=2"}],"curies":[{"name":"wp","href":"https:\/\/api.w.org\/{rel}","templated":true}]}}